{"id":313,"date":"2014-10-19T11:51:42","date_gmt":"2014-10-19T10:51:42","guid":{"rendered":"http:\/\/dutchblue.nl\/clients\/IBS\/?page_id=313"},"modified":"2018-06-05T16:22:25","modified_gmt":"2018-06-05T15:22:25","slug":"expertise-2","status":"publish","type":"page","link":"https:\/\/ibsconsultants.nl\/en\/expertise-2\/","title":{"rendered":"Expertise"},"content":{"rendered":"<p><img loading=\"lazy\" decoding=\"async\" class=\"alignnone wp-image-1683 size-full\" src=\"http:\/\/ibsconsultants.nl\/wp-content\/uploads\/2014\/08\/expertise-big2.png\" alt=\"expertise-big2\" width=\"1939\" height=\"642\" srcset=\"https:\/\/ibsconsultants.nl\/wp-content\/uploads\/2014\/08\/expertise-big2.png 1939w, https:\/\/ibsconsultants.nl\/wp-content\/uploads\/2014\/08\/expertise-big2-300x99.png 300w, https:\/\/ibsconsultants.nl\/wp-content\/uploads\/2014\/08\/expertise-big2-1024x339.png 1024w\" sizes=\"auto, (max-width: 1939px) 100vw, 1939px\" \/><\/p>\n<p>A facade sets the tone of your building.\u00a0Fa\u00e7ades come in any number of types, dimensions, and finishes. This is what makes fa\u00e7ades so special and fun to work on. Fa\u00e7ades are where our passion lies, they are our business, they make us happy!<\/p>\n<p>We can provide answers to your technical queries on fa\u00e7ades, whatever their nature. To give you an idea of how we might be able to help you, below is a list of the fields in which we specialise.<\/p>\n<h3>Expertises<\/h3>\n<div class=\"row\">\n<div class=\"col-md-12 border\">\n<div class=\"row\">\n<div class=\"col-md-12 col-sm-7\">\n<div class=\"row\">\n<div class=\"col-md-4 col-sm-4\">\n<section class=\"widget\">\n<h3><\/h3>\n<div class=\"list-group\"><a class=\"list-group-item\" href=\"\/en\/expertise-2\/facade-technology\/\">Facade technology<\/a><br \/>\n<a class=\"list-group-item\" href=\"\/en\/expertise-2\/glass-technology\/\">Glass technology<\/a><\/div>\n<\/section>\n<\/div>\n<div class=\"col-md-4 col-sm-4\">\n<section class=\"widget\">\n<h3><\/h3>\n<div class=\"list-group\"><a class=\"list-group-item\" href=\"http:\/\/ibsconsultants.nl\/en\/expertise-2\/statics\/\">Statics<\/a><br \/>\n<a class=\"list-group-item\" href=\"\/en\/expertise-2\/firesafety\/\">Fire Safety<\/a><\/div>\n<\/section>\n<\/div>\n<div class=\"col-md-4 col-sm-4\">\n<section class=\"widget\">\n<div class=\"list-group\">\n<h3><\/h3>\n<div class=\"list-group\"><a class=\"list-group-item\" href=\"\/en\/expertise-2\/measurements-inspections\/\">Measure and inspect<\/a><br \/>\n<a class=\"list-group-item\" href=\"\/en\/expertise-2\/building-physics\/\">Building physics<\/a><\/div>\n<\/div>\n<\/section>\n<\/div>\n<\/div>\n<\/div>\n<\/div>\n<\/div>\n<\/div>\n","protected":false},"excerpt":{"rendered":"<\/p>\n<p>A facade sets the tone of your building.\u00a0Fa\u00e7ades come in any number of <\/p>\n","protected":false},"author":1,"featured_media":3848,"parent":0,"menu_order":0,"comment_status":"open","ping_status":"open","template":"full-width.php","meta":{"footnotes":""},"class_list":["post-313","page","type-page","status-publish","has-post-thumbnail","hentry"],"acf":[],"yoast_head":"<!-- This site is optimized with the Yoast SEO plugin v23.4 - https:\/\/yoast.com\/wordpress\/plugins\/seo\/ -->\n<title>Expertise - IBS Consultants - Experts in facade consultancy<\/title>\n<meta name=\"robots\" content=\"noindex, follow, max-snippet:-1, max-image-preview:large, max-video-preview:-1\" \/>\n<meta property=\"og:locale\" content=\"en_US\" \/>\n<meta property=\"og:type\" content=\"article\" \/>\n<meta property=\"og:title\" content=\"Expertise - IBS Consultants - Experts in facade consultancy\" \/>\n<meta property=\"og:description\" content=\"A facade sets the tone of your building.\u00a0Fa\u00e7ades come in any number of\" \/>\n<meta property=\"og:url\" content=\"https:\/\/ibsconsultants.nl\/en\/expertise-2\/\" \/>\n<meta property=\"og:site_name\" content=\"IBS Consultants - Experts in facade consultancy\" \/>\n<meta property=\"article:modified_time\" content=\"2018-06-05T15:22:25+00:00\" \/>\n<meta property=\"og:image\" content=\"https:\/\/ibsconsultants.nl\/wp-content\/uploads\/2014\/08\/team-photo.jpg\" \/>\n\t<meta property=\"og:image:width\" content=\"1200\" \/>\n\t<meta property=\"og:image:height\" content=\"300\" \/>\n\t<meta property=\"og:image:type\" content=\"image\/jpeg\" \/>\n<meta name=\"twitter:card\" content=\"summary_large_image\" \/>\n<meta name=\"twitter:site\" content=\"@IBSConsultants\" \/>\n<script type=\"application\/ld+json\" class=\"yoast-schema-graph\">{\"@context\":\"https:\/\/schema.org\",\"@graph\":[{\"@type\":\"WebPage\",\"@id\":\"https:\/\/ibsconsultants.nl\/en\/expertise-2\/\",\"url\":\"https:\/\/ibsconsultants.nl\/en\/expertise-2\/\",\"name\":\"Expertise - IBS Consultants - Experts in facade consultancy\",\"isPartOf\":{\"@id\":\"https:\/\/ibsconsultants.nl\/#website\"},\"primaryImageOfPage\":{\"@id\":\"https:\/\/ibsconsultants.nl\/en\/expertise-2\/#primaryimage\"},\"image\":{\"@id\":\"https:\/\/ibsconsultants.nl\/en\/expertise-2\/#primaryimage\"},\"thumbnailUrl\":\"https:\/\/ibsconsultants.nl\/wp-content\/uploads\/2014\/08\/team-photo.jpg\",\"datePublished\":\"2014-10-19T10:51:42+00:00\",\"dateModified\":\"2018-06-05T15:22:25+00:00\",\"breadcrumb\":{\"@id\":\"https:\/\/ibsconsultants.nl\/en\/expertise-2\/#breadcrumb\"},\"inLanguage\":\"en-US\",\"potentialAction\":[{\"@type\":\"ReadAction\",\"target\":[\"https:\/\/ibsconsultants.nl\/en\/expertise-2\/\"]}]},{\"@type\":\"ImageObject\",\"inLanguage\":\"en-US\",\"@id\":\"https:\/\/ibsconsultants.nl\/en\/expertise-2\/#primaryimage\",\"url\":\"https:\/\/ibsconsultants.nl\/wp-content\/uploads\/2014\/08\/team-photo.jpg\",\"contentUrl\":\"https:\/\/ibsconsultants.nl\/wp-content\/uploads\/2014\/08\/team-photo.jpg\",\"width\":1200,\"height\":300},{\"@type\":\"BreadcrumbList\",\"@id\":\"https:\/\/ibsconsultants.nl\/en\/expertise-2\/#breadcrumb\",\"itemListElement\":[{\"@type\":\"ListItem\",\"position\":1,\"name\":\"Home\",\"item\":\"https:\/\/ibsconsultants.nl\/en\/\"},{\"@type\":\"ListItem\",\"position\":2,\"name\":\"Expertise\"}]},{\"@type\":\"WebSite\",\"@id\":\"https:\/\/ibsconsultants.nl\/#website\",\"url\":\"https:\/\/ibsconsultants.nl\/\",\"name\":\"IBS Consultants - Experts in facade consultancy\",\"description\":\"\",\"potentialAction\":[{\"@type\":\"SearchAction\",\"target\":{\"@type\":\"EntryPoint\",\"urlTemplate\":\"https:\/\/ibsconsultants.nl\/?s={search_term_string}\"},\"query-input\":{\"@type\":\"PropertyValueSpecification\",\"valueRequired\":true,\"valueName\":\"search_term_string\"}}],\"inLanguage\":\"en-US\"}]}<\/script>\n<!-- \/ Yoast SEO plugin. -->","yoast_head_json":{"title":"Expertise - IBS Consultants - Experts in facade consultancy","robots":{"index":"noindex","follow":"follow","max-snippet":"max-snippet:-1","max-image-preview":"max-image-preview:large","max-video-preview":"max-video-preview:-1"},"og_locale":"en_US","og_type":"article","og_title":"Expertise - IBS Consultants - Experts in facade consultancy","og_description":"A facade sets the tone of your building.\u00a0Fa\u00e7ades come in any number of","og_url":"https:\/\/ibsconsultants.nl\/en\/expertise-2\/","og_site_name":"IBS Consultants - Experts in facade consultancy","article_modified_time":"2018-06-05T15:22:25+00:00","og_image":[{"width":1200,"height":300,"url":"https:\/\/ibsconsultants.nl\/wp-content\/uploads\/2014\/08\/team-photo.jpg","type":"image\/jpeg"}],"twitter_card":"summary_large_image","twitter_site":"@IBSConsultants","schema":{"@context":"https:\/\/schema.org","@graph":[{"@type":"WebPage","@id":"https:\/\/ibsconsultants.nl\/en\/expertise-2\/","url":"https:\/\/ibsconsultants.nl\/en\/expertise-2\/","name":"Expertise - IBS Consultants - Experts in facade consultancy","isPartOf":{"@id":"https:\/\/ibsconsultants.nl\/#website"},"primaryImageOfPage":{"@id":"https:\/\/ibsconsultants.nl\/en\/expertise-2\/#primaryimage"},"image":{"@id":"https:\/\/ibsconsultants.nl\/en\/expertise-2\/#primaryimage"},"thumbnailUrl":"https:\/\/ibsconsultants.nl\/wp-content\/uploads\/2014\/08\/team-photo.jpg","datePublished":"2014-10-19T10:51:42+00:00","dateModified":"2018-06-05T15:22:25+00:00","breadcrumb":{"@id":"https:\/\/ibsconsultants.nl\/en\/expertise-2\/#breadcrumb"},"inLanguage":"en-US","potentialAction":[{"@type":"ReadAction","target":["https:\/\/ibsconsultants.nl\/en\/expertise-2\/"]}]},{"@type":"ImageObject","inLanguage":"en-US","@id":"https:\/\/ibsconsultants.nl\/en\/expertise-2\/#primaryimage","url":"https:\/\/ibsconsultants.nl\/wp-content\/uploads\/2014\/08\/team-photo.jpg","contentUrl":"https:\/\/ibsconsultants.nl\/wp-content\/uploads\/2014\/08\/team-photo.jpg","width":1200,"height":300},{"@type":"BreadcrumbList","@id":"https:\/\/ibsconsultants.nl\/en\/expertise-2\/#breadcrumb","itemListElement":[{"@type":"ListItem","position":1,"name":"Home","item":"https:\/\/ibsconsultants.nl\/en\/"},{"@type":"ListItem","position":2,"name":"Expertise"}]},{"@type":"WebSite","@id":"https:\/\/ibsconsultants.nl\/#website","url":"https:\/\/ibsconsultants.nl\/","name":"IBS Consultants - Experts in facade consultancy","description":"","potentialAction":[{"@type":"SearchAction","target":{"@type":"EntryPoint","urlTemplate":"https:\/\/ibsconsultants.nl\/?s={search_term_string}"},"query-input":{"@type":"PropertyValueSpecification","valueRequired":true,"valueName":"search_term_string"}}],"inLanguage":"en-US"}]}},"_links":{"self":[{"href":"https:\/\/ibsconsultants.nl\/en\/wp-json\/wp\/v2\/pages\/313","targetHints":{"allow":["GET"]}}],"collection":[{"href":"https:\/\/ibsconsultants.nl\/en\/wp-json\/wp\/v2\/pages"}],"about":[{"href":"https:\/\/ibsconsultants.nl\/en\/wp-json\/wp\/v2\/types\/page"}],"author":[{"embeddable":true,"href":"https:\/\/ibsconsultants.nl\/en\/wp-json\/wp\/v2\/users\/1"}],"replies":[{"embeddable":true,"href":"https:\/\/ibsconsultants.nl\/en\/wp-json\/wp\/v2\/comments?post=313"}],"version-history":[{"count":23,"href":"https:\/\/ibsconsultants.nl\/en\/wp-json\/wp\/v2\/pages\/313\/revisions"}],"predecessor-version":[{"id":3097,"href":"https:\/\/ibsconsultants.nl\/en\/wp-json\/wp\/v2\/pages\/313\/revisions\/3097"}],"wp:featuredmedia":[{"embeddable":true,"href":"https:\/\/ibsconsultants.nl\/en\/wp-json\/wp\/v2\/media\/3848"}],"wp:attachment":[{"href":"https:\/\/ibsconsultants.nl\/en\/wp-json\/wp\/v2\/media?parent=313"}],"curies":[{"name":"wp","href":"https:\/\/api.w.org\/{rel}","templated":true}]}}